{"id":4456,"date":"2019-11-13T15:08:41","date_gmt":"2019-11-13T15:08:41","guid":{"rendered":"https:\/\/www.acrilux.com\/product\/anfora\/"},"modified":"2019-11-21T09:44:56","modified_gmt":"2019-11-21T09:44:56","slug":"anfora","status":"publish","type":"product","link":"https:\/\/www.acrilux.com\/en\/product\/anfora\/","title":{"rendered":"Anfora"},"content":{"rendered":"<div class=\"table-1\">\n<table class=\"shat shop_attributesPac\">\n<thead>\n<tr>\n<td id=\"cod_acrilux\" class=\"td_titolo_misura\" width=\"25%\">ACRILUX CODE<\/td>\n<td class=\"td_titolo_misura\" width=\"25%\">EAN CODE<\/td>\n<td class=\"td_titolo_misura\" width=\"35%\">DESCRIPTION<\/td>\n<td class=\"td_titolo_misura\" width=\"15%\">QTY. X PACK<\/td>\n<\/tr>\n<\/thead>\n<tbody>\n<tr>\n<td class=\"td_valore\">50036<\/td>\n<td class=\"td_valore\">8059395380350<\/td>\n<td class=\"td_valore\">TRANSPARENT AMPHORA \u00d8 200 mm with BASE<\/td>\n<td class=\"td_valore\">8<\/td>\n<\/tr>\n<tr>\n<td class=\"td_valore\">50002<\/td>\n<td class=\"td_valore\">8059395380015<\/td>\n<td class=\"td_valore\">GLOBO OPALE \u00d8 200 mm con BASE<\/td>\n<td class=\"td_valore\">8<\/td>\n<\/tr>\n<tr>\n<td class=\"td_valore\">50037<\/td>\n<td class=\"td_valore\">8059395380367<\/td>\n<td class=\"td_valore\">OPAL AMPHORA \u00d8 200 mm with BASE<\/td>\n<td class=\"td_valore\">8<\/td>\n<\/tr>\n<tr>\n<td class=\"td_valore\">50043<\/td>\n<td class=\"td_valore\">8059395380428<\/td>\n<td class=\"td_valore\">TRANSPARENT AMPHORA \u00d8 250 mm with BASE<\/td>\n<td class=\"td_valore\">2<\/td>\n<\/tr>\n<tr>\n<td class=\"td_valore\">50044<\/td>\n<td class=\"td_valore\">8059395380435<\/td>\n<td class=\"td_valore\">OPAL AMPHORA \u00d8 250 mm with BASE<\/td>\n<td class=\"td_valore\">2<\/td>\n<\/tr>\n<tr>\n<td class=\"td_valore\">50046<\/td>\n<td class=\"td_valore\">8059395380459<\/td>\n<td class=\"td_valore\">TRANSPARENT AMPHORA \u00d8 300 mm with BASE<\/td>\n<td class=\"td_valore\">2<\/td>\n<\/tr>\n<tr>\n<td class=\"td_valore\">50047<\/td>\n<td class=\"td_valore\">8059395380466<\/td>\n<td class=\"td_valore\">OPAL AMPHORA \u00d8 300 mm with BASE<\/td>\n<td class=\"td_valore\">2<\/td>\n<\/tr>\n<\/tbody>\n<\/table>\n<\/div>\n<div class=\"table-1\">\n<table id=\"dg-table-accessori\" class=\"shat shop_attributesPac\">\n<thead>\n<tr>\n<td id=\"cod_acrilux\" class=\"td_titolo_misura\" width=\"25%\">ACCESSORIES<\/td>\n<td class=\"td_titolo_misura\" width=\"75%\"><\/td>\n<\/tr>\n<\/thead>\n<\/table>\n<\/div>\n<div class=\"table-1\">\n<table class=\"shat shop_accessori\">\n<tbody>\n<tr>\n<td width=\"25%\">\n<p class=\"dg-accessorio-inset\" data-wp-editing=\"1\"><a href=\"https:\/\/www.acrilux.com\/en\/product\/45-bracket\/ \u200e\"><img decoding=\"async\" src=\"\/wp-content\/uploads\/2016\/11\/braccio-45.jpg\" alt=\"45\u00b0 BRACKET up to \u00d8 300\" \/><br \/>\n50019<br \/>\n45\u00b0 BRACKET up to \u00d8 300<\/a><\/p>\n<\/td>\n<td width=\"25%\">\n<p class=\"dg-accessorio-inset\" data-wp-editing=\"1\"><a href=\"https:\/\/www.acrilux.com\/en\/product\/straight-bracket\/\"><img decoding=\"async\" src=\"\/wp-content\/uploads\/2016\/11\/braccio-dritto-1.jpg\" alt=\"STRAIGHT BRACKET up to \u00d8 300\" \/><br \/>\n50020<br \/>\nSTRAIGHT BRACKET up to \u00d8 300<\/a><\/p>\n<\/td>\n<td width=\"25%\">\n<p class=\"dg-accessorio-inset\"><a href=\"https:\/\/www.acrilux.com\/en\/product\/head-for-pole-with-two-brackets\/\"><img decoding=\"async\" src=\"\/wp-content\/uploads\/2016\/11\/testa-palo-due-bracci.jpg\" alt=\"HEAD with 2 BRACKETS\" \/><br \/>\n50021<br \/>\nHEAD with 2 BRACKETS<\/a><\/p>\n<\/td>\n<\/tr>\n<tr>\n<td width=\"25%\">\n<p class=\"dg-accessorio-inset\"><a href=\"https:\/\/www.acrilux.com\/en\/product\/low-post\/\"><img decoding=\"async\" src=\"\/wp-content\/uploads\/2016\/11\/paletto-basso.jpg\" alt=\"LOW POST\" \/><br \/>\n50022<br \/>\nLOW POST<\/a><\/p>\n<\/td>\n<td width=\"25%\">\n<p class=\"dg-accessorio-inset\"><a href=\"https:\/\/www.acrilux.com\/en\/product\/base-for-post-o60-mm\/\"><img decoding=\"async\" src=\"\/wp-content\/uploads\/2016\/11\/base-per-palo.jpg\" alt=\"BASE for POST \u00d8 60 mm\" \/><br \/>\n50023<br \/>\nBASE for POST \u00d8 60 mm<\/a><\/p>\n<\/td>\n<td width=\"25%\">\n<p class=\"dg-accessorio-inset\"><a href=\"https:\/\/www.acrilux.com\/en\/product\/joint\/\"><img decoding=\"async\" src=\"\/wp-content\/uploads\/2016\/11\/giunto.jpg\" alt=\"JOINT for POSTS \u00d8 60 mm\" \/><br \/>\n50066<br \/>\nJOINT for POSTS \u00d8 60 mm<\/a><\/p>\n<\/td>\n<\/tr>\n<\/tbody>\n<\/table>\n<\/div>\n","protected":false},"excerpt":{"rendered":"<table border=\"0\" summary=\"\" width=\"353\" cellspacing=\"0\" cellpadding=\"0\">\n<tbody>\n<tr>\n<td valign=\"middle\" height=\"22\">\n<div style=\"padding-left: 12px;\"><strong>GENERAL SPECIFICATIONS<\/strong><br \/>\nFitting for use indoors or outdoors, suitable for post or wall assembly with bracket.<br \/>\nConsists of diffuser with bayonet fitting, base with accessories for securing to post (\u00d8 60 mm) and E27 lamp holder.<\/div>\n<\/td>\n<\/tr>\n<tr>\n<td valign=\"middle\" height=\"22\">\n<div style=\"padding-left: 12px;\"><strong>DIFFUSER<\/strong><br \/>\nMaterial: Methacrylate (PMMA).<br \/>\nColours: Neutral, opal.<br \/>\nSizes: \u00d8 200 mm, \u00d8 250 mm, \u00d8 300 mm.<\/div>\n<\/td>\n<\/tr>\n<tr>\n<td valign=\"middle\" height=\"22\">\n<div style=\"padding-left: 12px;\"><strong>BASE<\/strong><br \/>\nMaterial: Polycarbonate (PC).<br \/>\nColours: Black.<br \/>\nComplete with fastening screws and  E27 lamp holder.<\/div>\n<\/td>\n<\/tr>\n<\/tbody>\n<\/table>\n<table id=\"dg-table-colori\" border=\"0\" summary=\"\" width=\"100%\" cellspacing=\"0\" cellpadding=\"0\">\n<tbody>\n<tr>\n<td colspan=\"4\" valign=\"middle\" height=\"22\">\n<div style=\"padding-left: 12px;\"><strong>COLOUR VERSIONS<\/strong><\/div>\n<\/td>\n<\/tr>\n<tr>\n<td valign=\"middle\" width=\"25%\">\n<p class=\"dg-colore-set\"><img decoding=\"async\" src=\"\/wp-content\/uploads\/2019\/11\/Immagini-Globo_set-19.jpg\" alt=\"NEUTRAL\" \/><br \/>\nNEUTRAL<\/p>\n<\/td>\n<td valign=\"middle\" width=\"25%\">\n<p class=\"dg-colore-set\"><img decoding=\"async\" src=\"\/wp-content\/uploads\/2019\/11\/Immagini-Globo_set-20.jpg\" alt=\"OPAL\" \/><br \/>\nOPAL<\/p>\n<\/td>\n<td valign=\"middle\" width=\"25%\">\n<\/td>\n<td valign=\"middle\" width=\"25%\">\n<\/td>\n<\/tr>\n<\/tbody>\n<\/table>\n","protected":false},"featured_media":4235,"comment_status":"closed","ping_status":"closed","template":"","meta":[],"product_brand":[],"product_cat":[2655],"product_tag":[],"class_list":{"0":"post-4456","1":"product","2":"type-product","3":"status-publish","4":"has-post-thumbnail","6":"product_cat-products-in-sets","7":"pa_a-195-en","8":"pa_a-250-en","9":"pa_a-300-en","10":"pa_b-126-en","11":"pa_b-146-en","12":"pa_b-107-en","13":"pa_c-60-en","14":"pa_d-18-en","15":"pa_d-20-en","16":"pa_e-205-en","17":"pa_e-255-en","18":"pa_e-305-en","19":"pa_modello-a200-en","20":"pa_modello-a250-en","21":"pa_modello-a300-en","23":"first","24":"instock","25":"product-type-variable"},"yoast_head":"<!-- This site is optimized with the Yoast SEO plugin v26.0 - https:\/\/yoast.com\/wordpress\/plugins\/seo\/ -->\n<title>Anfora - Acrilux s.r.l.<\/title>\n<meta name=\"robots\" content=\"index, follow, max-snippet:-1, max-image-preview:large, max-video-preview:-1\" \/>\n<link rel=\"canonical\" href=\"https:\/\/www.acrilux.com\/en\/product\/anfora\/\" \/>\n<meta property=\"og:locale\" content=\"en_US\" \/>\n<meta property=\"og:type\" content=\"article\" \/>\n<meta property=\"og:title\" content=\"Anfora - Acrilux s.r.l.\" \/>\n<meta property=\"og:description\" content=\"GENERAL SPECIFICATIONS Fitting for use indoors or outdoors, suitable for post or wall assembly with bracket.  Consists of diffuser with bayonet fitting, base with accessories for securing to post (\u00d8 60 mm) and E27 lamp holder.    DIFFUSER Material: Methacrylate (PMMA). Colours: Neutral, opal. Sizes: \u00d8 200 mm, \u00d8 250 mm, \u00d8 300 mm.    BASE Material: Polycarbonate (PC). Colours: Black. Complete with fastening screws and E27 lamp holder.        COLOUR VERSIONS     NEUTRAL    OPAL\" \/>\n<meta property=\"og:url\" content=\"https:\/\/www.acrilux.com\/en\/product\/anfora\/\" \/>\n<meta property=\"og:site_name\" content=\"Acrilux s.r.l.\" \/>\n<meta property=\"article:modified_time\" content=\"2019-11-21T09:44:56+00:00\" \/>\n<meta property=\"og:image\" content=\"https:\/\/www.acrilux.com\/wp-content\/uploads\/2019\/11\/Immagini-Globo_set-18.jpg\" \/>\n\t<meta property=\"og:image:width\" content=\"800\" \/>\n\t<meta property=\"og:image:height\" content=\"800\" \/>\n\t<meta property=\"og:image:type\" content=\"image\/jpeg\" \/>\n<meta name=\"twitter:card\" content=\"summary_large_image\" \/>\n<script type=\"application\/ld+json\" class=\"yoast-schema-graph\">{\"@context\":\"https:\/\/schema.org\",\"@graph\":[{\"@type\":\"WebPage\",\"@id\":\"https:\/\/www.acrilux.com\/en\/product\/anfora\/\",\"url\":\"https:\/\/www.acrilux.com\/en\/product\/anfora\/\",\"name\":\"Anfora - Acrilux s.r.l.\",\"isPartOf\":{\"@id\":\"https:\/\/www.acrilux.com\/en\/#website\"},\"primaryImageOfPage\":{\"@id\":\"https:\/\/www.acrilux.com\/en\/product\/anfora\/#primaryimage\"},\"image\":{\"@id\":\"https:\/\/www.acrilux.com\/en\/product\/anfora\/#primaryimage\"},\"thumbnailUrl\":\"https:\/\/www.acrilux.com\/wp-content\/uploads\/2019\/11\/Immagini-Globo_set-18.jpg\",\"datePublished\":\"2019-11-13T15:08:41+00:00\",\"dateModified\":\"2019-11-21T09:44:56+00:00\",\"breadcrumb\":{\"@id\":\"https:\/\/www.acrilux.com\/en\/product\/anfora\/#breadcrumb\"},\"inLanguage\":\"en-US\",\"potentialAction\":[{\"@type\":\"ReadAction\",\"target\":[\"https:\/\/www.acrilux.com\/en\/product\/anfora\/\"]}]},{\"@type\":\"ImageObject\",\"inLanguage\":\"en-US\",\"@id\":\"https:\/\/www.acrilux.com\/en\/product\/anfora\/#primaryimage\",\"url\":\"https:\/\/www.acrilux.com\/wp-content\/uploads\/2019\/11\/Immagini-Globo_set-18.jpg\",\"contentUrl\":\"https:\/\/www.acrilux.com\/wp-content\/uploads\/2019\/11\/Immagini-Globo_set-18.jpg\",\"width\":800,\"height\":800},{\"@type\":\"BreadcrumbList\",\"@id\":\"https:\/\/www.acrilux.com\/en\/product\/anfora\/#breadcrumb\",\"itemListElement\":[{\"@type\":\"ListItem\",\"position\":1,\"name\":\"Home\",\"item\":\"https:\/\/www.acrilux.com\/en\/\"},{\"@type\":\"ListItem\",\"position\":2,\"name\":\"Products\",\"item\":\"https:\/\/www.acrilux.com\/en\/shop\/\"},{\"@type\":\"ListItem\",\"position\":3,\"name\":\"Anfora\"}]},{\"@type\":\"WebSite\",\"@id\":\"https:\/\/www.acrilux.com\/en\/#website\",\"url\":\"https:\/\/www.acrilux.com\/en\/\",\"name\":\"Acrilux s.r.l.\",\"description\":\"Articoli per l&#039;illuminazione\",\"publisher\":{\"@id\":\"https:\/\/www.acrilux.com\/en\/#organization\"},\"potentialAction\":[{\"@type\":\"SearchAction\",\"target\":{\"@type\":\"EntryPoint\",\"urlTemplate\":\"https:\/\/www.acrilux.com\/en\/?s={search_term_string}\"},\"query-input\":{\"@type\":\"PropertyValueSpecification\",\"valueRequired\":true,\"valueName\":\"search_term_string\"}}],\"inLanguage\":\"en-US\"},{\"@type\":\"Organization\",\"@id\":\"https:\/\/www.acrilux.com\/en\/#organization\",\"name\":\"Acrilux s.r.l.\",\"url\":\"https:\/\/www.acrilux.com\/en\/\",\"logo\":{\"@type\":\"ImageObject\",\"inLanguage\":\"en-US\",\"@id\":\"https:\/\/www.acrilux.com\/en\/#\/schema\/logo\/image\/\",\"url\":\"https:\/\/www.acrilux.com\/wp-content\/uploads\/2016\/10\/logo-acrilux-1x.png\",\"contentUrl\":\"https:\/\/www.acrilux.com\/wp-content\/uploads\/2016\/10\/logo-acrilux-1x.png\",\"width\":250,\"height\":61,\"caption\":\"Acrilux s.r.l.\"},\"image\":{\"@id\":\"https:\/\/www.acrilux.com\/en\/#\/schema\/logo\/image\/\"}}]}<\/script>\n<!-- \/ Yoast SEO plugin. -->","yoast_head_json":{"title":"Anfora - Acrilux s.r.l.","robots":{"index":"index","follow":"follow","max-snippet":"max-snippet:-1","max-image-preview":"max-image-preview:large","max-video-preview":"max-video-preview:-1"},"canonical":"https:\/\/www.acrilux.com\/en\/product\/anfora\/","og_locale":"en_US","og_type":"article","og_title":"Anfora - Acrilux s.r.l.","og_description":"GENERAL SPECIFICATIONS Fitting for use indoors or outdoors, suitable for post or wall assembly with bracket.  Consists of diffuser with bayonet fitting, base with accessories for securing to post (\u00d8 60 mm) and E27 lamp holder.    DIFFUSER Material: Methacrylate (PMMA). Colours: Neutral, opal. Sizes: \u00d8 200 mm, \u00d8 250 mm, \u00d8 300 mm.    BASE Material: Polycarbonate (PC). Colours: Black. Complete with fastening screws and E27 lamp holder.        COLOUR VERSIONS     NEUTRAL    OPAL","og_url":"https:\/\/www.acrilux.com\/en\/product\/anfora\/","og_site_name":"Acrilux s.r.l.","article_modified_time":"2019-11-21T09:44:56+00:00","og_image":[{"width":800,"height":800,"url":"https:\/\/www.acrilux.com\/wp-content\/uploads\/2019\/11\/Immagini-Globo_set-18.jpg","type":"image\/jpeg"}],"twitter_card":"summary_large_image","schema":{"@context":"https:\/\/schema.org","@graph":[{"@type":"WebPage","@id":"https:\/\/www.acrilux.com\/en\/product\/anfora\/","url":"https:\/\/www.acrilux.com\/en\/product\/anfora\/","name":"Anfora - Acrilux s.r.l.","isPartOf":{"@id":"https:\/\/www.acrilux.com\/en\/#website"},"primaryImageOfPage":{"@id":"https:\/\/www.acrilux.com\/en\/product\/anfora\/#primaryimage"},"image":{"@id":"https:\/\/www.acrilux.com\/en\/product\/anfora\/#primaryimage"},"thumbnailUrl":"https:\/\/www.acrilux.com\/wp-content\/uploads\/2019\/11\/Immagini-Globo_set-18.jpg","datePublished":"2019-11-13T15:08:41+00:00","dateModified":"2019-11-21T09:44:56+00:00","breadcrumb":{"@id":"https:\/\/www.acrilux.com\/en\/product\/anfora\/#breadcrumb"},"inLanguage":"en-US","potentialAction":[{"@type":"ReadAction","target":["https:\/\/www.acrilux.com\/en\/product\/anfora\/"]}]},{"@type":"ImageObject","inLanguage":"en-US","@id":"https:\/\/www.acrilux.com\/en\/product\/anfora\/#primaryimage","url":"https:\/\/www.acrilux.com\/wp-content\/uploads\/2019\/11\/Immagini-Globo_set-18.jpg","contentUrl":"https:\/\/www.acrilux.com\/wp-content\/uploads\/2019\/11\/Immagini-Globo_set-18.jpg","width":800,"height":800},{"@type":"BreadcrumbList","@id":"https:\/\/www.acrilux.com\/en\/product\/anfora\/#breadcrumb","itemListElement":[{"@type":"ListItem","position":1,"name":"Home","item":"https:\/\/www.acrilux.com\/en\/"},{"@type":"ListItem","position":2,"name":"Products","item":"https:\/\/www.acrilux.com\/en\/shop\/"},{"@type":"ListItem","position":3,"name":"Anfora"}]},{"@type":"WebSite","@id":"https:\/\/www.acrilux.com\/en\/#website","url":"https:\/\/www.acrilux.com\/en\/","name":"Acrilux s.r.l.","description":"Articoli per l&#039;illuminazione","publisher":{"@id":"https:\/\/www.acrilux.com\/en\/#organization"},"potentialAction":[{"@type":"SearchAction","target":{"@type":"EntryPoint","urlTemplate":"https:\/\/www.acrilux.com\/en\/?s={search_term_string}"},"query-input":{"@type":"PropertyValueSpecification","valueRequired":true,"valueName":"search_term_string"}}],"inLanguage":"en-US"},{"@type":"Organization","@id":"https:\/\/www.acrilux.com\/en\/#organization","name":"Acrilux s.r.l.","url":"https:\/\/www.acrilux.com\/en\/","logo":{"@type":"ImageObject","inLanguage":"en-US","@id":"https:\/\/www.acrilux.com\/en\/#\/schema\/logo\/image\/","url":"https:\/\/www.acrilux.com\/wp-content\/uploads\/2016\/10\/logo-acrilux-1x.png","contentUrl":"https:\/\/www.acrilux.com\/wp-content\/uploads\/2016\/10\/logo-acrilux-1x.png","width":250,"height":61,"caption":"Acrilux s.r.l."},"image":{"@id":"https:\/\/www.acrilux.com\/en\/#\/schema\/logo\/image\/"}}]}},"_links":{"self":[{"href":"https:\/\/www.acrilux.com\/en\/wp-json\/wp\/v2\/product\/4456","targetHints":{"allow":["GET"]}}],"collection":[{"href":"https:\/\/www.acrilux.com\/en\/wp-json\/wp\/v2\/product"}],"about":[{"href":"https:\/\/www.acrilux.com\/en\/wp-json\/wp\/v2\/types\/product"}],"replies":[{"embeddable":true,"href":"https:\/\/www.acrilux.com\/en\/wp-json\/wp\/v2\/comments?post=4456"}],"wp:featuredmedia":[{"embeddable":true,"href":"https:\/\/www.acrilux.com\/en\/wp-json\/wp\/v2\/media\/4235"}],"wp:attachment":[{"href":"https:\/\/www.acrilux.com\/en\/wp-json\/wp\/v2\/media?parent=4456"}],"wp:term":[{"taxonomy":"product_brand","embeddable":true,"href":"https:\/\/www.acrilux.com\/en\/wp-json\/wp\/v2\/product_brand?post=4456"},{"taxonomy":"product_cat","embeddable":true,"href":"https:\/\/www.acrilux.com\/en\/wp-json\/wp\/v2\/product_cat?post=4456"},{"taxonomy":"product_tag","embeddable":true,"href":"https:\/\/www.acrilux.com\/en\/wp-json\/wp\/v2\/product_tag?post=4456"}],"curies":[{"name":"wp","href":"https:\/\/api.w.org\/{rel}","templated":true}]}}