{"id":4450,"date":"2019-11-13T15:30:38","date_gmt":"2019-11-13T15:30:38","guid":{"rendered":"https:\/\/www.acrilux.com\/product\/applique\/"},"modified":"2019-11-25T09:41:18","modified_gmt":"2019-11-25T09:41:18","slug":"applique","status":"publish","type":"product","link":"https:\/\/www.acrilux.com\/en\/product\/applique\/","title":{"rendered":"Applique"},"content":{"rendered":"<div class=\"table-1\">\n<table class=\"shat shop_attributesPac\">\n<thead>\n<tr>\n<td id=\"cod_acrilux\" class=\"td_titolo_misura\" width=\"25%\">ACRILUX CODE<\/td>\n<td class=\"td_titolo_misura\" width=\"25%\">EAN CODE<\/td>\n<td class=\"td_titolo_misura\" width=\"35%\">DESCRIPTION<\/td>\n<td class=\"td_titolo_misura\" width=\"15%\">QTY. X PACK<\/td>\n<\/tr>\n<\/thead>\n<tbody>\n<tr>\n<td class=\"td_valore\">50010<\/td>\n<td class=\"td_valore\">8059395380091<\/td>\n<td class=\"td_valore\">APPLIQU\u00c9 with GLOBE \u00d8 200 mm TRANSPARENT<\/td>\n<td class=\"td_valore\">2<\/td>\n<\/tr>\n<tr>\n<td class=\"td_valore\">50011<\/td>\n<td class=\"td_valore\">8059395380107<\/td>\n<td class=\"td_valore\">APPLIQU\u00c9 with GLOBE \u00d8 200 mm OPAL<\/td>\n<td class=\"td_valore\">2<\/td>\n<\/tr>\n<tr>\n<td class=\"td_valore\">50012<\/td>\n<td class=\"td_valore\">8059395380114<\/td>\n<td class=\"td_valore\">APPLIQU\u00c9 with GLOBE \u00d8 200 mm SMOKED<\/td>\n<td class=\"td_valore\">2<\/td>\n<\/tr>\n<tr>\n<td class=\"td_valore\">50013<\/td>\n<td class=\"td_valore\">8059395380121<\/td>\n<td class=\"td_valore\">APPLIQU\u00c9 with GLOBE \u00d8 250 mm TRANSPARENT<\/td>\n<td class=\"td_valore\">2<\/td>\n<\/tr>\n<tr>\n<td class=\"td_valore\">50014<\/td>\n<td class=\"td_valore\">8059395380138<\/td>\n<td class=\"td_valore\">APPLIQU\u00c9 with GLOBE \u00d8 250 mm OPAL<\/td>\n<td class=\"td_valore\">2<\/td>\n<\/tr>\n<tr>\n<td class=\"td_valore\">50015<\/td>\n<td class=\"td_valore\">8059395380145<\/td>\n<td class=\"td_valore\">APPLIQU\u00c9 with GLOBE \u00d8 250 mm SMOKED<\/td>\n<td class=\"td_valore\">2<\/td>\n<\/tr>\n<tr>\n<td class=\"td_valore\">50016<\/td>\n<td class=\"td_valore\">8059395380152<\/td>\n<td class=\"td_valore\">APPLIQU\u00c9 with GLOBE \u00d8 300 mm TRANSPARENT<\/td>\n<td class=\"td_valore\">2<\/td>\n<\/tr>\n<tr>\n<td class=\"td_valore\">50017<\/td>\n<td class=\"td_valore\">8059395380169<\/td>\n<td class=\"td_valore\">APPLIQU\u00c9 with GLOBE \u00d8 300 mm OPAL<\/td>\n<td class=\"td_valore\">2<\/td>\n<\/tr>\n<tr>\n<td class=\"td_valore\">50018<\/td>\n<td class=\"td_valore\">8059395380176<\/td>\n<td class=\"td_valore\">APPLIQU\u00c9 with GLOBE \u00d8 300 mm SMOKED<\/td>\n<td class=\"td_valore\">2<\/td>\n<\/tr>\n<\/tbody>\n<\/table>\n<\/div>\n<div class=\"table-1\">\n<table id=\"dg-table-accessori\" class=\"shat shop_attributesPac\">\n<thead>\n<tr>\n<td id=\"cod_acrilux\" class=\"td_titolo_misura\" width=\"25%\">ACCESSORIES<\/td>\n<td class=\"td_titolo_misura\" width=\"75%\"><\/td>\n<\/tr>\n<\/thead>\n<\/table>\n<\/div>\n<div class=\"table-1\">\n<table class=\"shat shop_accessori\">\n<tbody>\n<tr>\n<td width=\"25%\">\n<p class=\"dg-accessorio-inset\" data-wp-editing=\"1\"><a href=\"https:\/\/www.acrilux.com\/en\/product\/45-bracket\/\"><img decoding=\"async\" src=\"\/wp-content\/uploads\/2016\/11\/braccio-45.jpg\" alt=\"45\u00b0 BRACKET up to \u00d8 300\" \/><br \/>\n50019<br \/>\n45\u00b0 BRACKET up to \u00d8 300<\/a><\/p>\n<\/td>\n<td width=\"25%\">\n<p class=\"dg-accessorio-inset\" data-wp-editing=\"1\"><a href=\"https:\/\/www.acrilux.com\/en\/product\/straight-bracket\/\"><img decoding=\"async\" src=\"\/wp-content\/uploads\/2016\/11\/braccio-dritto-1.jpg\" alt=\"STRAIGHT BRACKET up to \u00d8 300\" \/><br \/>\n50020<br \/>\nSTRAIGHT BRACKET up to \u00d8 300<\/a><\/p>\n<\/td>\n<td width=\"25%\">\n<p class=\"dg-accessorio-inset\"><a href=\"\nhttps:\/\/www.acrilux.com\/en\/product\/head-for-pole-with-two-brackets\/\"><img decoding=\"async\" src=\"\/wp-content\/uploads\/2016\/11\/testa-palo-due-bracci.jpg\" alt=\"HEAD with 2 BRACKETS\" \/><br \/>\n50021<br \/>\nHEAD with 2 BRACKETS<\/a><\/p>\n<\/td>\n<\/tr>\n<tr>\n<td width=\"25%\">\n<p class=\"dg-accessorio-inset\"><a href=\"https:\/\/www.acrilux.com\/en\/product\/low-post\/\"><img decoding=\"async\" src=\"\/wp-content\/uploads\/2016\/11\/paletto-basso.jpg\" alt=\"LOW POST\" \/><br \/>\n50022<br \/>\nLOW POST<\/a><\/p>\n<\/td>\n<td width=\"25%\">\n<p class=\"dg-accessorio-inset\"><a href=\"https:\/\/www.acrilux.com\/en\/product\/base-for-post-o60-mm\/\"><img decoding=\"async\" src=\"\/wp-content\/uploads\/2016\/11\/base-per-palo.jpg\" alt=\"BASE for POST \u00d8 60 mm\" \/><br \/>\n50023<br \/>\nBASE for POST \u00d8 60 mm<\/a><\/p>\n<\/td>\n<td width=\"25%\">\n<p class=\"dg-accessorio-inset\"><a href=\"https:\/\/www.acrilux.com\/en\/product\/joint\/\"><img decoding=\"async\" src=\"\/wp-content\/uploads\/2016\/11\/giunto.jpg\" alt=\"JOINT for POSTS \u00d8 60 mm\" \/><br \/>\n50066<br \/>\nJOINT for POSTS \u00d8 60 mm<\/a><\/p>\n<\/td>\n<\/tr>\n<\/tbody>\n<\/table>\n<\/div>\n","protected":false},"excerpt":{"rendered":"<table border=\"0\" summary=\"\" width=\"353\" cellspacing=\"0\" cellpadding=\"0\">\n<tbody>\n<tr>\n<td valign=\"middle\" height=\"22\">\n<div style=\"padding-left: 12px;\"><strong>GENERAL SPECIFICATIONS<\/strong><br \/>\nFitting for use indoors or outdoors, suitable for wall assembly.<br \/>\nConsists of diffuser with bayonet fitting, compact bracket, fastening accessories, and E27 lamp holder.<\/div>\n<\/td>\n<\/tr>\n<tr>\n<td valign=\"middle\" height=\"22\">\n<div style=\"padding-left: 12px;\"><strong>DIFFUSER<\/strong><br \/>\nMaterial: Methacrylate (PMMA).<br \/>\nColours: Neutral, opal, smoked.<br \/>\nSizes: \u00d8 200mm, \u00d8 250 mm e \u00d8 300mm.<\/div>\n<\/td>\n<\/tr>\n<tr>\n<td valign=\"middle\" height=\"22\">\n<div style=\"padding-left: 12px;\"><strong>BASE<\/strong><br \/>\nMaterial: Polycarbonate (PC).<br \/>\nColours: Nero.<br \/>\nComplete with fastening screws and  E27 lamp holder.<\/div>\n<\/td>\n<\/tr>\n<\/tbody>\n<\/table>\n<table id=\"dg-table-colori\" border=\"0\" summary=\"\" width=\"100%\" cellspacing=\"0\" cellpadding=\"0\">\n<tbody>\n<tr>\n<td colspan=\"4\" valign=\"middle\" height=\"22\">\n<div style=\"padding-left: 12px;\"><strong>COLOUR VERSIONS<\/strong><\/div>\n<\/td>\n<\/tr>\n<tr>\n<td valign=\"middle\" width=\"25%\">\n<p class=\"dg-colore-set\"><img decoding=\"async\" src=\"\/wp-content\/uploads\/2019\/11\/Immagini-Globo_set-24.jpg\" alt=\"NEUTRAL\" \/><br \/>\nNEUTRAL<\/p>\n<\/td>\n<td valign=\"middle\" width=\"25%\">\n<p class=\"dg-colore-set\"><img decoding=\"async\" src=\"\/wp-content\/uploads\/2019\/11\/Immagini-Globo_set-25.jpg\" alt=\"OPAL\" \/><br \/>\nOPAL<\/p>\n<\/td>\n<td valign=\"middle\" width=\"25%\">\n<p class=\"dg-colore-set\"><img decoding=\"async\" src=\"\/wp-content\/uploads\/2019\/11\/Immagini-Globo_set-26.jpg\" alt=\"SMOKED\" \/><br \/>\nSMOKED<\/p>\n<\/td>\n<td valign=\"middle\" width=\"25%\">\n<\/td>\n<\/tr>\n<\/tbody>\n<\/table>\n","protected":false},"featured_media":4253,"comment_status":"closed","ping_status":"closed","template":"","meta":[],"product_brand":[],"product_cat":[2655],"product_tag":[],"class_list":{"0":"post-4450","1":"product","2":"type-product","3":"status-publish","4":"has-post-thumbnail","6":"product_cat-products-in-sets","7":"pa_a-200-en","8":"pa_a-250-en","9":"pa_a-300-en","10":"pa_b-235-en","11":"pa_b-287-en","12":"pa_b-347-en","13":"pa_c-215-en","14":"pa_c-315-en","15":"pa_c-265-en","16":"pa_d-52-en","17":"pa_d-64-en","18":"pa_d-78-en","19":"pa_modello-applique-200-en","20":"pa_modello-applique-250-en","21":"pa_modello-applique-300-en","23":"first","24":"instock","25":"product-type-variable"},"yoast_head":"<!-- This site is optimized with the Yoast SEO plugin v26.0 - https:\/\/yoast.com\/wordpress\/plugins\/seo\/ -->\n<title>Applique - Acrilux s.r.l.<\/title>\n<meta name=\"robots\" content=\"index, follow, max-snippet:-1, max-image-preview:large, max-video-preview:-1\" \/>\n<link rel=\"canonical\" href=\"https:\/\/www.acrilux.com\/en\/product\/applique\/\" \/>\n<meta property=\"og:locale\" content=\"en_US\" \/>\n<meta property=\"og:type\" content=\"article\" \/>\n<meta property=\"og:title\" content=\"Applique - Acrilux s.r.l.\" \/>\n<meta property=\"og:description\" content=\"GENERAL SPECIFICATIONS Fitting for use indoors or outdoors, suitable for wall assembly. Consists of diffuser with bayonet fitting, compact bracket, fastening accessories, and E27 lamp holder.    DIFFUSER Material: Methacrylate (PMMA). Colours: Neutral, opal, smoked. Sizes: \u00d8 200mm, \u00d8 250 mm e \u00d8 300mm.    BASE Material: Polycarbonate (PC). Colours: Nero. Complete with fastening screws and E27 lamp holder.        COLOUR VERSIONS     NEUTRAL    OPAL    SMOKED\" \/>\n<meta property=\"og:url\" content=\"https:\/\/www.acrilux.com\/en\/product\/applique\/\" \/>\n<meta property=\"og:site_name\" content=\"Acrilux s.r.l.\" \/>\n<meta property=\"article:modified_time\" content=\"2019-11-25T09:41:18+00:00\" \/>\n<meta property=\"og:image\" content=\"https:\/\/www.acrilux.com\/wp-content\/uploads\/2019\/11\/Immagini-Globo_set-23.jpg\" \/>\n\t<meta property=\"og:image:width\" content=\"800\" \/>\n\t<meta property=\"og:image:height\" content=\"800\" \/>\n\t<meta property=\"og:image:type\" content=\"image\/jpeg\" \/>\n<meta name=\"twitter:card\" content=\"summary_large_image\" \/>\n<script type=\"application\/ld+json\" class=\"yoast-schema-graph\">{\"@context\":\"https:\/\/schema.org\",\"@graph\":[{\"@type\":\"WebPage\",\"@id\":\"https:\/\/www.acrilux.com\/en\/product\/applique\/\",\"url\":\"https:\/\/www.acrilux.com\/en\/product\/applique\/\",\"name\":\"Applique - Acrilux s.r.l.\",\"isPartOf\":{\"@id\":\"https:\/\/www.acrilux.com\/en\/#website\"},\"primaryImageOfPage\":{\"@id\":\"https:\/\/www.acrilux.com\/en\/product\/applique\/#primaryimage\"},\"image\":{\"@id\":\"https:\/\/www.acrilux.com\/en\/product\/applique\/#primaryimage\"},\"thumbnailUrl\":\"https:\/\/www.acrilux.com\/wp-content\/uploads\/2019\/11\/Immagini-Globo_set-23.jpg\",\"datePublished\":\"2019-11-13T15:30:38+00:00\",\"dateModified\":\"2019-11-25T09:41:18+00:00\",\"breadcrumb\":{\"@id\":\"https:\/\/www.acrilux.com\/en\/product\/applique\/#breadcrumb\"},\"inLanguage\":\"en-US\",\"potentialAction\":[{\"@type\":\"ReadAction\",\"target\":[\"https:\/\/www.acrilux.com\/en\/product\/applique\/\"]}]},{\"@type\":\"ImageObject\",\"inLanguage\":\"en-US\",\"@id\":\"https:\/\/www.acrilux.com\/en\/product\/applique\/#primaryimage\",\"url\":\"https:\/\/www.acrilux.com\/wp-content\/uploads\/2019\/11\/Immagini-Globo_set-23.jpg\",\"contentUrl\":\"https:\/\/www.acrilux.com\/wp-content\/uploads\/2019\/11\/Immagini-Globo_set-23.jpg\",\"width\":800,\"height\":800},{\"@type\":\"BreadcrumbList\",\"@id\":\"https:\/\/www.acrilux.com\/en\/product\/applique\/#breadcrumb\",\"itemListElement\":[{\"@type\":\"ListItem\",\"position\":1,\"name\":\"Home\",\"item\":\"https:\/\/www.acrilux.com\/en\/\"},{\"@type\":\"ListItem\",\"position\":2,\"name\":\"Products\",\"item\":\"https:\/\/www.acrilux.com\/en\/shop\/\"},{\"@type\":\"ListItem\",\"position\":3,\"name\":\"Applique\"}]},{\"@type\":\"WebSite\",\"@id\":\"https:\/\/www.acrilux.com\/en\/#website\",\"url\":\"https:\/\/www.acrilux.com\/en\/\",\"name\":\"Acrilux s.r.l.\",\"description\":\"Articoli per l&#039;illuminazione\",\"publisher\":{\"@id\":\"https:\/\/www.acrilux.com\/en\/#organization\"},\"potentialAction\":[{\"@type\":\"SearchAction\",\"target\":{\"@type\":\"EntryPoint\",\"urlTemplate\":\"https:\/\/www.acrilux.com\/en\/?s={search_term_string}\"},\"query-input\":{\"@type\":\"PropertyValueSpecification\",\"valueRequired\":true,\"valueName\":\"search_term_string\"}}],\"inLanguage\":\"en-US\"},{\"@type\":\"Organization\",\"@id\":\"https:\/\/www.acrilux.com\/en\/#organization\",\"name\":\"Acrilux s.r.l.\",\"url\":\"https:\/\/www.acrilux.com\/en\/\",\"logo\":{\"@type\":\"ImageObject\",\"inLanguage\":\"en-US\",\"@id\":\"https:\/\/www.acrilux.com\/en\/#\/schema\/logo\/image\/\",\"url\":\"https:\/\/www.acrilux.com\/wp-content\/uploads\/2016\/10\/logo-acrilux-1x.png\",\"contentUrl\":\"https:\/\/www.acrilux.com\/wp-content\/uploads\/2016\/10\/logo-acrilux-1x.png\",\"width\":250,\"height\":61,\"caption\":\"Acrilux s.r.l.\"},\"image\":{\"@id\":\"https:\/\/www.acrilux.com\/en\/#\/schema\/logo\/image\/\"}}]}<\/script>\n<!-- \/ Yoast SEO plugin. -->","yoast_head_json":{"title":"Applique - Acrilux s.r.l.","robots":{"index":"index","follow":"follow","max-snippet":"max-snippet:-1","max-image-preview":"max-image-preview:large","max-video-preview":"max-video-preview:-1"},"canonical":"https:\/\/www.acrilux.com\/en\/product\/applique\/","og_locale":"en_US","og_type":"article","og_title":"Applique - Acrilux s.r.l.","og_description":"GENERAL SPECIFICATIONS Fitting for use indoors or outdoors, suitable for wall assembly. Consists of diffuser with bayonet fitting, compact bracket, fastening accessories, and E27 lamp holder.    DIFFUSER Material: Methacrylate (PMMA). Colours: Neutral, opal, smoked. Sizes: \u00d8 200mm, \u00d8 250 mm e \u00d8 300mm.    BASE Material: Polycarbonate (PC). Colours: Nero. Complete with fastening screws and E27 lamp holder.        COLOUR VERSIONS     NEUTRAL    OPAL    SMOKED","og_url":"https:\/\/www.acrilux.com\/en\/product\/applique\/","og_site_name":"Acrilux s.r.l.","article_modified_time":"2019-11-25T09:41:18+00:00","og_image":[{"width":800,"height":800,"url":"https:\/\/www.acrilux.com\/wp-content\/uploads\/2019\/11\/Immagini-Globo_set-23.jpg","type":"image\/jpeg"}],"twitter_card":"summary_large_image","schema":{"@context":"https:\/\/schema.org","@graph":[{"@type":"WebPage","@id":"https:\/\/www.acrilux.com\/en\/product\/applique\/","url":"https:\/\/www.acrilux.com\/en\/product\/applique\/","name":"Applique - Acrilux s.r.l.","isPartOf":{"@id":"https:\/\/www.acrilux.com\/en\/#website"},"primaryImageOfPage":{"@id":"https:\/\/www.acrilux.com\/en\/product\/applique\/#primaryimage"},"image":{"@id":"https:\/\/www.acrilux.com\/en\/product\/applique\/#primaryimage"},"thumbnailUrl":"https:\/\/www.acrilux.com\/wp-content\/uploads\/2019\/11\/Immagini-Globo_set-23.jpg","datePublished":"2019-11-13T15:30:38+00:00","dateModified":"2019-11-25T09:41:18+00:00","breadcrumb":{"@id":"https:\/\/www.acrilux.com\/en\/product\/applique\/#breadcrumb"},"inLanguage":"en-US","potentialAction":[{"@type":"ReadAction","target":["https:\/\/www.acrilux.com\/en\/product\/applique\/"]}]},{"@type":"ImageObject","inLanguage":"en-US","@id":"https:\/\/www.acrilux.com\/en\/product\/applique\/#primaryimage","url":"https:\/\/www.acrilux.com\/wp-content\/uploads\/2019\/11\/Immagini-Globo_set-23.jpg","contentUrl":"https:\/\/www.acrilux.com\/wp-content\/uploads\/2019\/11\/Immagini-Globo_set-23.jpg","width":800,"height":800},{"@type":"BreadcrumbList","@id":"https:\/\/www.acrilux.com\/en\/product\/applique\/#breadcrumb","itemListElement":[{"@type":"ListItem","position":1,"name":"Home","item":"https:\/\/www.acrilux.com\/en\/"},{"@type":"ListItem","position":2,"name":"Products","item":"https:\/\/www.acrilux.com\/en\/shop\/"},{"@type":"ListItem","position":3,"name":"Applique"}]},{"@type":"WebSite","@id":"https:\/\/www.acrilux.com\/en\/#website","url":"https:\/\/www.acrilux.com\/en\/","name":"Acrilux s.r.l.","description":"Articoli per l&#039;illuminazione","publisher":{"@id":"https:\/\/www.acrilux.com\/en\/#organization"},"potentialAction":[{"@type":"SearchAction","target":{"@type":"EntryPoint","urlTemplate":"https:\/\/www.acrilux.com\/en\/?s={search_term_string}"},"query-input":{"@type":"PropertyValueSpecification","valueRequired":true,"valueName":"search_term_string"}}],"inLanguage":"en-US"},{"@type":"Organization","@id":"https:\/\/www.acrilux.com\/en\/#organization","name":"Acrilux s.r.l.","url":"https:\/\/www.acrilux.com\/en\/","logo":{"@type":"ImageObject","inLanguage":"en-US","@id":"https:\/\/www.acrilux.com\/en\/#\/schema\/logo\/image\/","url":"https:\/\/www.acrilux.com\/wp-content\/uploads\/2016\/10\/logo-acrilux-1x.png","contentUrl":"https:\/\/www.acrilux.com\/wp-content\/uploads\/2016\/10\/logo-acrilux-1x.png","width":250,"height":61,"caption":"Acrilux s.r.l."},"image":{"@id":"https:\/\/www.acrilux.com\/en\/#\/schema\/logo\/image\/"}}]}},"_links":{"self":[{"href":"https:\/\/www.acrilux.com\/en\/wp-json\/wp\/v2\/product\/4450","targetHints":{"allow":["GET"]}}],"collection":[{"href":"https:\/\/www.acrilux.com\/en\/wp-json\/wp\/v2\/product"}],"about":[{"href":"https:\/\/www.acrilux.com\/en\/wp-json\/wp\/v2\/types\/product"}],"replies":[{"embeddable":true,"href":"https:\/\/www.acrilux.com\/en\/wp-json\/wp\/v2\/comments?post=4450"}],"wp:featuredmedia":[{"embeddable":true,"href":"https:\/\/www.acrilux.com\/en\/wp-json\/wp\/v2\/media\/4253"}],"wp:attachment":[{"href":"https:\/\/www.acrilux.com\/en\/wp-json\/wp\/v2\/media?parent=4450"}],"wp:term":[{"taxonomy":"product_brand","embeddable":true,"href":"https:\/\/www.acrilux.com\/en\/wp-json\/wp\/v2\/product_brand?post=4450"},{"taxonomy":"product_cat","embeddable":true,"href":"https:\/\/www.acrilux.com\/en\/wp-json\/wp\/v2\/product_cat?post=4450"},{"taxonomy":"product_tag","embeddable":true,"href":"https:\/\/www.acrilux.com\/en\/wp-json\/wp\/v2\/product_tag?post=4450"}],"curies":[{"name":"wp","href":"https:\/\/api.w.org\/{rel}","templated":true}]}}