{"id":4391,"date":"2019-11-13T10:21:01","date_gmt":"2019-11-13T10:21:01","guid":{"rendered":"https:\/\/www.acrilux.com\/product\/braccio-45-prodotti-in-set\/"},"modified":"2019-11-20T16:55:48","modified_gmt":"2019-11-20T16:55:48","slug":"45-bracket","status":"publish","type":"product","link":"https:\/\/www.acrilux.com\/en\/product\/45-bracket\/","title":{"rendered":"45\u00b0 Bracket"},"content":{"rendered":"<div class=\"table-1\">\n<table class=\"shat shop_attributesPac\">\n<thead>\n<tr>\n<td id=\"cod_acrilux\" class=\"td_titolo_misura\" width=\"25%\">ACRILUX CODE<\/td>\n<td class=\"td_titolo_misura\" width=\"25%\">EAN CODE<\/td>\n<td class=\"td_titolo_misura\" width=\"35%\">DESCRIPTION<\/td>\n<td class=\"td_titolo_misura\" width=\"15%\">QTY. X PACK<\/td>\n<\/tr>\n<\/thead>\n<tbody>\n<tr id=\"pack-braccio-per-globi-dritto-pcn\">\n<td class=\"td_valore\">50019<\/td>\n<td class=\"td_valore\">8059395380183<\/td>\n<td class=\"td_valore\">45\u00b0 ANGLED BRACKET for GLOBE<\/td>\n<td class=\"td_valore\">20<\/td>\n<\/tr>\n<\/tbody>\n<\/table>\n<\/div>\n","protected":false},"excerpt":{"rendered":"<table border=\"0\" summary=\"\" width=\"353\" cellspacing=\"0\" cellpadding=\"0\">\n<tbody>\n<tr>\n<td valign=\"middle\" height=\"22\">\n<div style=\"padding-left: 12px;\"><strong>General specifications:<\/strong><br \/>\nAccessory for use with globes and other designs (\u00d8 200 mm, \u00d8 250 mm and \u00d8 300 mm), complete with base. Suitable for direct assembly to wall or pole (\u00d8 60 mm) with head adaptor for post with two brackets.<\/div>\n<\/td>\n<\/tr>\n<tr>\n<td valign=\"middle\" height=\"22\">\n<div style=\"padding-left: 12px;\"><strong>Material:<br \/>\n<\/strong>Polycarbonate (PC)<\/div>\n<\/td>\n<\/tr>\n<tr>\n<td valign=\"middle\" height=\"22\">\n<div style=\"padding-left: 12px;\"><strong>Colours:<br \/>\n<\/strong>Black<\/div>\n<\/td>\n<\/tr>\n<\/tbody>\n<\/table>\n","protected":false},"featured_media":4008,"comment_status":"closed","ping_status":"closed","template":"","meta":[],"product_brand":[],"product_cat":[2656],"product_tag":[],"class_list":{"0":"post-4391","1":"product","2":"type-product","3":"status-publish","4":"has-post-thumbnail","6":"product_cat-accessories-products-in-sets","7":"pa_modello-braccio-45-en","9":"first","10":"instock","11":"product-type-variable"},"yoast_head":"<!-- This site is optimized with the Yoast SEO plugin v26.0 - https:\/\/yoast.com\/wordpress\/plugins\/seo\/ -->\n<title>45\u00b0 Bracket - Acrilux s.r.l.<\/title>\n<meta name=\"robots\" content=\"index, follow, max-snippet:-1, max-image-preview:large, max-video-preview:-1\" \/>\n<link rel=\"canonical\" href=\"https:\/\/www.acrilux.com\/en\/product\/45-bracket\/\" \/>\n<meta property=\"og:locale\" content=\"en_US\" \/>\n<meta property=\"og:type\" content=\"article\" \/>\n<meta property=\"og:title\" content=\"45\u00b0 Bracket - Acrilux s.r.l.\" \/>\n<meta property=\"og:description\" content=\"General specifications: Accessory for use with globes and other designs (\u00d8 200 mm, \u00d8 250 mm and \u00d8 300 mm), complete with base. Suitable for direct assembly to wall or pole (\u00d8 60 mm) with head adaptor for post with two brackets.    Material: Polycarbonate (PC)    Colours: Black\" \/>\n<meta property=\"og:url\" content=\"https:\/\/www.acrilux.com\/en\/product\/45-bracket\/\" \/>\n<meta property=\"og:site_name\" content=\"Acrilux s.r.l.\" \/>\n<meta property=\"article:modified_time\" content=\"2019-11-20T16:55:48+00:00\" \/>\n<meta property=\"og:image\" content=\"https:\/\/www.acrilux.com\/wp-content\/uploads\/2016\/11\/braccio-45.jpg\" \/>\n\t<meta property=\"og:image:width\" content=\"800\" \/>\n\t<meta property=\"og:image:height\" content=\"800\" \/>\n\t<meta property=\"og:image:type\" content=\"image\/jpeg\" \/>\n<meta name=\"twitter:card\" content=\"summary_large_image\" \/>\n<script type=\"application\/ld+json\" class=\"yoast-schema-graph\">{\"@context\":\"https:\/\/schema.org\",\"@graph\":[{\"@type\":\"WebPage\",\"@id\":\"https:\/\/www.acrilux.com\/en\/product\/45-bracket\/\",\"url\":\"https:\/\/www.acrilux.com\/en\/product\/45-bracket\/\",\"name\":\"45\u00b0 Bracket - Acrilux s.r.l.\",\"isPartOf\":{\"@id\":\"https:\/\/www.acrilux.com\/en\/#website\"},\"primaryImageOfPage\":{\"@id\":\"https:\/\/www.acrilux.com\/en\/product\/45-bracket\/#primaryimage\"},\"image\":{\"@id\":\"https:\/\/www.acrilux.com\/en\/product\/45-bracket\/#primaryimage\"},\"thumbnailUrl\":\"https:\/\/www.acrilux.com\/wp-content\/uploads\/2016\/11\/braccio-45.jpg\",\"datePublished\":\"2019-11-13T10:21:01+00:00\",\"dateModified\":\"2019-11-20T16:55:48+00:00\",\"breadcrumb\":{\"@id\":\"https:\/\/www.acrilux.com\/en\/product\/45-bracket\/#breadcrumb\"},\"inLanguage\":\"en-US\",\"potentialAction\":[{\"@type\":\"ReadAction\",\"target\":[\"https:\/\/www.acrilux.com\/en\/product\/45-bracket\/\"]}]},{\"@type\":\"ImageObject\",\"inLanguage\":\"en-US\",\"@id\":\"https:\/\/www.acrilux.com\/en\/product\/45-bracket\/#primaryimage\",\"url\":\"https:\/\/www.acrilux.com\/wp-content\/uploads\/2016\/11\/braccio-45.jpg\",\"contentUrl\":\"https:\/\/www.acrilux.com\/wp-content\/uploads\/2016\/11\/braccio-45.jpg\",\"width\":800,\"height\":800},{\"@type\":\"BreadcrumbList\",\"@id\":\"https:\/\/www.acrilux.com\/en\/product\/45-bracket\/#breadcrumb\",\"itemListElement\":[{\"@type\":\"ListItem\",\"position\":1,\"name\":\"Home\",\"item\":\"https:\/\/www.acrilux.com\/en\/\"},{\"@type\":\"ListItem\",\"position\":2,\"name\":\"Products\",\"item\":\"https:\/\/www.acrilux.com\/en\/shop\/\"},{\"@type\":\"ListItem\",\"position\":3,\"name\":\"45\u00b0 Bracket\"}]},{\"@type\":\"WebSite\",\"@id\":\"https:\/\/www.acrilux.com\/en\/#website\",\"url\":\"https:\/\/www.acrilux.com\/en\/\",\"name\":\"Acrilux s.r.l.\",\"description\":\"Articoli per l&#039;illuminazione\",\"publisher\":{\"@id\":\"https:\/\/www.acrilux.com\/en\/#organization\"},\"potentialAction\":[{\"@type\":\"SearchAction\",\"target\":{\"@type\":\"EntryPoint\",\"urlTemplate\":\"https:\/\/www.acrilux.com\/en\/?s={search_term_string}\"},\"query-input\":{\"@type\":\"PropertyValueSpecification\",\"valueRequired\":true,\"valueName\":\"search_term_string\"}}],\"inLanguage\":\"en-US\"},{\"@type\":\"Organization\",\"@id\":\"https:\/\/www.acrilux.com\/en\/#organization\",\"name\":\"Acrilux s.r.l.\",\"url\":\"https:\/\/www.acrilux.com\/en\/\",\"logo\":{\"@type\":\"ImageObject\",\"inLanguage\":\"en-US\",\"@id\":\"https:\/\/www.acrilux.com\/en\/#\/schema\/logo\/image\/\",\"url\":\"https:\/\/www.acrilux.com\/wp-content\/uploads\/2016\/10\/logo-acrilux-1x.png\",\"contentUrl\":\"https:\/\/www.acrilux.com\/wp-content\/uploads\/2016\/10\/logo-acrilux-1x.png\",\"width\":250,\"height\":61,\"caption\":\"Acrilux s.r.l.\"},\"image\":{\"@id\":\"https:\/\/www.acrilux.com\/en\/#\/schema\/logo\/image\/\"}}]}<\/script>\n<!-- \/ Yoast SEO plugin. -->","yoast_head_json":{"title":"45\u00b0 Bracket - Acrilux s.r.l.","robots":{"index":"index","follow":"follow","max-snippet":"max-snippet:-1","max-image-preview":"max-image-preview:large","max-video-preview":"max-video-preview:-1"},"canonical":"https:\/\/www.acrilux.com\/en\/product\/45-bracket\/","og_locale":"en_US","og_type":"article","og_title":"45\u00b0 Bracket - Acrilux s.r.l.","og_description":"General specifications: Accessory for use with globes and other designs (\u00d8 200 mm, \u00d8 250 mm and \u00d8 300 mm), complete with base. Suitable for direct assembly to wall or pole (\u00d8 60 mm) with head adaptor for post with two brackets.    Material: Polycarbonate (PC)    Colours: Black","og_url":"https:\/\/www.acrilux.com\/en\/product\/45-bracket\/","og_site_name":"Acrilux s.r.l.","article_modified_time":"2019-11-20T16:55:48+00:00","og_image":[{"width":800,"height":800,"url":"https:\/\/www.acrilux.com\/wp-content\/uploads\/2016\/11\/braccio-45.jpg","type":"image\/jpeg"}],"twitter_card":"summary_large_image","schema":{"@context":"https:\/\/schema.org","@graph":[{"@type":"WebPage","@id":"https:\/\/www.acrilux.com\/en\/product\/45-bracket\/","url":"https:\/\/www.acrilux.com\/en\/product\/45-bracket\/","name":"45\u00b0 Bracket - Acrilux s.r.l.","isPartOf":{"@id":"https:\/\/www.acrilux.com\/en\/#website"},"primaryImageOfPage":{"@id":"https:\/\/www.acrilux.com\/en\/product\/45-bracket\/#primaryimage"},"image":{"@id":"https:\/\/www.acrilux.com\/en\/product\/45-bracket\/#primaryimage"},"thumbnailUrl":"https:\/\/www.acrilux.com\/wp-content\/uploads\/2016\/11\/braccio-45.jpg","datePublished":"2019-11-13T10:21:01+00:00","dateModified":"2019-11-20T16:55:48+00:00","breadcrumb":{"@id":"https:\/\/www.acrilux.com\/en\/product\/45-bracket\/#breadcrumb"},"inLanguage":"en-US","potentialAction":[{"@type":"ReadAction","target":["https:\/\/www.acrilux.com\/en\/product\/45-bracket\/"]}]},{"@type":"ImageObject","inLanguage":"en-US","@id":"https:\/\/www.acrilux.com\/en\/product\/45-bracket\/#primaryimage","url":"https:\/\/www.acrilux.com\/wp-content\/uploads\/2016\/11\/braccio-45.jpg","contentUrl":"https:\/\/www.acrilux.com\/wp-content\/uploads\/2016\/11\/braccio-45.jpg","width":800,"height":800},{"@type":"BreadcrumbList","@id":"https:\/\/www.acrilux.com\/en\/product\/45-bracket\/#breadcrumb","itemListElement":[{"@type":"ListItem","position":1,"name":"Home","item":"https:\/\/www.acrilux.com\/en\/"},{"@type":"ListItem","position":2,"name":"Products","item":"https:\/\/www.acrilux.com\/en\/shop\/"},{"@type":"ListItem","position":3,"name":"45\u00b0 Bracket"}]},{"@type":"WebSite","@id":"https:\/\/www.acrilux.com\/en\/#website","url":"https:\/\/www.acrilux.com\/en\/","name":"Acrilux s.r.l.","description":"Articoli per l&#039;illuminazione","publisher":{"@id":"https:\/\/www.acrilux.com\/en\/#organization"},"potentialAction":[{"@type":"SearchAction","target":{"@type":"EntryPoint","urlTemplate":"https:\/\/www.acrilux.com\/en\/?s={search_term_string}"},"query-input":{"@type":"PropertyValueSpecification","valueRequired":true,"valueName":"search_term_string"}}],"inLanguage":"en-US"},{"@type":"Organization","@id":"https:\/\/www.acrilux.com\/en\/#organization","name":"Acrilux s.r.l.","url":"https:\/\/www.acrilux.com\/en\/","logo":{"@type":"ImageObject","inLanguage":"en-US","@id":"https:\/\/www.acrilux.com\/en\/#\/schema\/logo\/image\/","url":"https:\/\/www.acrilux.com\/wp-content\/uploads\/2016\/10\/logo-acrilux-1x.png","contentUrl":"https:\/\/www.acrilux.com\/wp-content\/uploads\/2016\/10\/logo-acrilux-1x.png","width":250,"height":61,"caption":"Acrilux s.r.l."},"image":{"@id":"https:\/\/www.acrilux.com\/en\/#\/schema\/logo\/image\/"}}]}},"_links":{"self":[{"href":"https:\/\/www.acrilux.com\/en\/wp-json\/wp\/v2\/product\/4391","targetHints":{"allow":["GET"]}}],"collection":[{"href":"https:\/\/www.acrilux.com\/en\/wp-json\/wp\/v2\/product"}],"about":[{"href":"https:\/\/www.acrilux.com\/en\/wp-json\/wp\/v2\/types\/product"}],"replies":[{"embeddable":true,"href":"https:\/\/www.acrilux.com\/en\/wp-json\/wp\/v2\/comments?post=4391"}],"wp:featuredmedia":[{"embeddable":true,"href":"https:\/\/www.acrilux.com\/en\/wp-json\/wp\/v2\/media\/4008"}],"wp:attachment":[{"href":"https:\/\/www.acrilux.com\/en\/wp-json\/wp\/v2\/media?parent=4391"}],"wp:term":[{"taxonomy":"product_brand","embeddable":true,"href":"https:\/\/www.acrilux.com\/en\/wp-json\/wp\/v2\/product_brand?post=4391"},{"taxonomy":"product_cat","embeddable":true,"href":"https:\/\/www.acrilux.com\/en\/wp-json\/wp\/v2\/product_cat?post=4391"},{"taxonomy":"product_tag","embeddable":true,"href":"https:\/\/www.acrilux.com\/en\/wp-json\/wp\/v2\/product_tag?post=4391"}],"curies":[{"name":"wp","href":"https:\/\/api.w.org\/{rel}","templated":true}]}}