{"id":3120,"date":"2016-11-24T14:04:15","date_gmt":"2016-12-20T11:15:11","guid":{"rendered":"https:\/\/www.acrilux.com\/?post_type=product&#038;p=3120\/"},"modified":"2016-12-20T11:21:55","modified_gmt":"2016-12-20T11:21:55","slug":"wall-bracket","status":"publish","type":"product","link":"https:\/\/www.acrilux.com\/en\/product\/wall-bracket\/","title":{"rendered":"Wall Bracket"},"content":{"rendered":"","protected":false},"excerpt":{"rendered":"<table border=\"0\" summary=\"\" width=\"353\" cellspacing=\"0\" cellpadding=\"0\">\n<tbody>\n<tr>\n<td valign=\"middle\" height=\"22\">\n<div style=\"padding-left: 12px;\"><strong>Application:<br \/>\n<\/strong>Wall Bracket accessory for globes \u00d8200 &#8211; \u00d8250 &#8211; \u00d8300 with relevant base<\/div>\n<\/td>\n<\/tr>\n<tr>\n<tr>\n<td valign=\"middle\" height=\"22\">\n<div style=\"padding-left: 12px;\"><strong>Material:<br \/>\n<\/strong>PC V2 self-exti nguishing &#8211; colour black<\/div>\n<\/td>\n<\/tr>\n<tr>\n<td valign=\"middle\" height=\"22\">\n<div style=\"padding-left: 12px;\"><strong>Installation characteristic:<br \/>\n<\/strong>Direct surface mounti ng with n.4 screws\/raw plugs (not supplied)<\/div>\n<\/td>\n<\/tr>\n<tr>\n<td valign=\"middle\" height=\"22\">\n<div style=\"padding-left: 12px;\"><strong>Dimensions:<br \/>\n<\/strong>Bracket 130x90mm protrusion dimension 225mm<\/div>\n<\/td>\n<\/tr>\n<\/tbody>\n<\/table>\n","protected":false},"featured_media":4012,"comment_status":"closed","ping_status":"closed","template":"","meta":[],"product_brand":[],"product_cat":[1576],"product_tag":[],"class_list":{"0":"post-3120","1":"product","2":"type-product","3":"status-publish","4":"has-post-thumbnail","6":"product_cat-accessories","7":"pa_dim-cm-41x29x25-en","8":"pa_gross-g-2000-en","9":"pa_modello-straight-bracket-for-globe","10":"pa_net-g-1740-en","11":"pa_pcscarton-10-en","12":"pa_vol-m3-0-029-en","14":"first","15":"instock","16":"product-type-variable"},"yoast_head":"<!-- This site is optimized with the Yoast SEO plugin v26.0 - https:\/\/yoast.com\/wordpress\/plugins\/seo\/ -->\n<title>Wall Bracket - Acrilux s.r.l.<\/title>\n<meta name=\"robots\" content=\"index, follow, max-snippet:-1, max-image-preview:large, max-video-preview:-1\" \/>\n<link rel=\"canonical\" href=\"https:\/\/www.acrilux.com\/en\/product\/wall-bracket\/\" \/>\n<meta property=\"og:locale\" content=\"en_US\" \/>\n<meta property=\"og:type\" content=\"article\" \/>\n<meta property=\"og:title\" content=\"Wall Bracket - Acrilux s.r.l.\" \/>\n<meta property=\"og:description\" content=\"Application: Wall Bracket accessory for globes \u00d8200 - \u00d8250 - \u00d8300 with relevant base     Material: PC V2 self-exti nguishing - colour black    Installation characteristic: Direct surface mounti ng with n.4 screws\/raw plugs (not supplied)    Dimensions: Bracket 130x90mm protrusion dimension 225mm\" \/>\n<meta property=\"og:url\" content=\"https:\/\/www.acrilux.com\/en\/product\/wall-bracket\/\" \/>\n<meta property=\"og:site_name\" content=\"Acrilux s.r.l.\" \/>\n<meta property=\"article:modified_time\" content=\"2016-12-20T11:21:55+00:00\" \/>\n<meta property=\"og:image\" content=\"https:\/\/www.acrilux.com\/wp-content\/uploads\/2016\/11\/braccio-dritto-1.jpg\" \/>\n\t<meta property=\"og:image:width\" content=\"800\" \/>\n\t<meta property=\"og:image:height\" content=\"800\" \/>\n\t<meta property=\"og:image:type\" content=\"image\/jpeg\" \/>\n<meta name=\"twitter:card\" content=\"summary_large_image\" \/>\n<script type=\"application\/ld+json\" class=\"yoast-schema-graph\">{\"@context\":\"https:\/\/schema.org\",\"@graph\":[{\"@type\":\"WebPage\",\"@id\":\"https:\/\/www.acrilux.com\/en\/product\/wall-bracket\/\",\"url\":\"https:\/\/www.acrilux.com\/en\/product\/wall-bracket\/\",\"name\":\"Wall Bracket - Acrilux s.r.l.\",\"isPartOf\":{\"@id\":\"https:\/\/www.acrilux.com\/en\/#website\"},\"primaryImageOfPage\":{\"@id\":\"https:\/\/www.acrilux.com\/en\/product\/wall-bracket\/#primaryimage\"},\"image\":{\"@id\":\"https:\/\/www.acrilux.com\/en\/product\/wall-bracket\/#primaryimage\"},\"thumbnailUrl\":\"https:\/\/www.acrilux.com\/wp-content\/uploads\/2016\/11\/braccio-dritto-1.jpg\",\"datePublished\":\"2016-12-20T11:15:11+00:00\",\"dateModified\":\"2016-12-20T11:21:55+00:00\",\"breadcrumb\":{\"@id\":\"https:\/\/www.acrilux.com\/en\/product\/wall-bracket\/#breadcrumb\"},\"inLanguage\":\"en-US\",\"potentialAction\":[{\"@type\":\"ReadAction\",\"target\":[\"https:\/\/www.acrilux.com\/en\/product\/wall-bracket\/\"]}]},{\"@type\":\"ImageObject\",\"inLanguage\":\"en-US\",\"@id\":\"https:\/\/www.acrilux.com\/en\/product\/wall-bracket\/#primaryimage\",\"url\":\"https:\/\/www.acrilux.com\/wp-content\/uploads\/2016\/11\/braccio-dritto-1.jpg\",\"contentUrl\":\"https:\/\/www.acrilux.com\/wp-content\/uploads\/2016\/11\/braccio-dritto-1.jpg\",\"width\":800,\"height\":800},{\"@type\":\"BreadcrumbList\",\"@id\":\"https:\/\/www.acrilux.com\/en\/product\/wall-bracket\/#breadcrumb\",\"itemListElement\":[{\"@type\":\"ListItem\",\"position\":1,\"name\":\"Home\",\"item\":\"https:\/\/www.acrilux.com\/en\/\"},{\"@type\":\"ListItem\",\"position\":2,\"name\":\"Products\",\"item\":\"https:\/\/www.acrilux.com\/en\/shop\/\"},{\"@type\":\"ListItem\",\"position\":3,\"name\":\"Wall Bracket\"}]},{\"@type\":\"WebSite\",\"@id\":\"https:\/\/www.acrilux.com\/en\/#website\",\"url\":\"https:\/\/www.acrilux.com\/en\/\",\"name\":\"Acrilux s.r.l.\",\"description\":\"Articoli per l&#039;illuminazione\",\"publisher\":{\"@id\":\"https:\/\/www.acrilux.com\/en\/#organization\"},\"potentialAction\":[{\"@type\":\"SearchAction\",\"target\":{\"@type\":\"EntryPoint\",\"urlTemplate\":\"https:\/\/www.acrilux.com\/en\/?s={search_term_string}\"},\"query-input\":{\"@type\":\"PropertyValueSpecification\",\"valueRequired\":true,\"valueName\":\"search_term_string\"}}],\"inLanguage\":\"en-US\"},{\"@type\":\"Organization\",\"@id\":\"https:\/\/www.acrilux.com\/en\/#organization\",\"name\":\"Acrilux s.r.l.\",\"url\":\"https:\/\/www.acrilux.com\/en\/\",\"logo\":{\"@type\":\"ImageObject\",\"inLanguage\":\"en-US\",\"@id\":\"https:\/\/www.acrilux.com\/en\/#\/schema\/logo\/image\/\",\"url\":\"https:\/\/www.acrilux.com\/wp-content\/uploads\/2016\/10\/logo-acrilux-1x.png\",\"contentUrl\":\"https:\/\/www.acrilux.com\/wp-content\/uploads\/2016\/10\/logo-acrilux-1x.png\",\"width\":250,\"height\":61,\"caption\":\"Acrilux s.r.l.\"},\"image\":{\"@id\":\"https:\/\/www.acrilux.com\/en\/#\/schema\/logo\/image\/\"}}]}<\/script>\n<!-- \/ Yoast SEO plugin. -->","yoast_head_json":{"title":"Wall Bracket - Acrilux s.r.l.","robots":{"index":"index","follow":"follow","max-snippet":"max-snippet:-1","max-image-preview":"max-image-preview:large","max-video-preview":"max-video-preview:-1"},"canonical":"https:\/\/www.acrilux.com\/en\/product\/wall-bracket\/","og_locale":"en_US","og_type":"article","og_title":"Wall Bracket - Acrilux s.r.l.","og_description":"Application: Wall Bracket accessory for globes \u00d8200 - \u00d8250 - \u00d8300 with relevant base     Material: PC V2 self-exti nguishing - colour black    Installation characteristic: Direct surface mounti ng with n.4 screws\/raw plugs (not supplied)    Dimensions: Bracket 130x90mm protrusion dimension 225mm","og_url":"https:\/\/www.acrilux.com\/en\/product\/wall-bracket\/","og_site_name":"Acrilux s.r.l.","article_modified_time":"2016-12-20T11:21:55+00:00","og_image":[{"width":800,"height":800,"url":"https:\/\/www.acrilux.com\/wp-content\/uploads\/2016\/11\/braccio-dritto-1.jpg","type":"image\/jpeg"}],"twitter_card":"summary_large_image","schema":{"@context":"https:\/\/schema.org","@graph":[{"@type":"WebPage","@id":"https:\/\/www.acrilux.com\/en\/product\/wall-bracket\/","url":"https:\/\/www.acrilux.com\/en\/product\/wall-bracket\/","name":"Wall Bracket - Acrilux s.r.l.","isPartOf":{"@id":"https:\/\/www.acrilux.com\/en\/#website"},"primaryImageOfPage":{"@id":"https:\/\/www.acrilux.com\/en\/product\/wall-bracket\/#primaryimage"},"image":{"@id":"https:\/\/www.acrilux.com\/en\/product\/wall-bracket\/#primaryimage"},"thumbnailUrl":"https:\/\/www.acrilux.com\/wp-content\/uploads\/2016\/11\/braccio-dritto-1.jpg","datePublished":"2016-12-20T11:15:11+00:00","dateModified":"2016-12-20T11:21:55+00:00","breadcrumb":{"@id":"https:\/\/www.acrilux.com\/en\/product\/wall-bracket\/#breadcrumb"},"inLanguage":"en-US","potentialAction":[{"@type":"ReadAction","target":["https:\/\/www.acrilux.com\/en\/product\/wall-bracket\/"]}]},{"@type":"ImageObject","inLanguage":"en-US","@id":"https:\/\/www.acrilux.com\/en\/product\/wall-bracket\/#primaryimage","url":"https:\/\/www.acrilux.com\/wp-content\/uploads\/2016\/11\/braccio-dritto-1.jpg","contentUrl":"https:\/\/www.acrilux.com\/wp-content\/uploads\/2016\/11\/braccio-dritto-1.jpg","width":800,"height":800},{"@type":"BreadcrumbList","@id":"https:\/\/www.acrilux.com\/en\/product\/wall-bracket\/#breadcrumb","itemListElement":[{"@type":"ListItem","position":1,"name":"Home","item":"https:\/\/www.acrilux.com\/en\/"},{"@type":"ListItem","position":2,"name":"Products","item":"https:\/\/www.acrilux.com\/en\/shop\/"},{"@type":"ListItem","position":3,"name":"Wall Bracket"}]},{"@type":"WebSite","@id":"https:\/\/www.acrilux.com\/en\/#website","url":"https:\/\/www.acrilux.com\/en\/","name":"Acrilux s.r.l.","description":"Articoli per l&#039;illuminazione","publisher":{"@id":"https:\/\/www.acrilux.com\/en\/#organization"},"potentialAction":[{"@type":"SearchAction","target":{"@type":"EntryPoint","urlTemplate":"https:\/\/www.acrilux.com\/en\/?s={search_term_string}"},"query-input":{"@type":"PropertyValueSpecification","valueRequired":true,"valueName":"search_term_string"}}],"inLanguage":"en-US"},{"@type":"Organization","@id":"https:\/\/www.acrilux.com\/en\/#organization","name":"Acrilux s.r.l.","url":"https:\/\/www.acrilux.com\/en\/","logo":{"@type":"ImageObject","inLanguage":"en-US","@id":"https:\/\/www.acrilux.com\/en\/#\/schema\/logo\/image\/","url":"https:\/\/www.acrilux.com\/wp-content\/uploads\/2016\/10\/logo-acrilux-1x.png","contentUrl":"https:\/\/www.acrilux.com\/wp-content\/uploads\/2016\/10\/logo-acrilux-1x.png","width":250,"height":61,"caption":"Acrilux s.r.l."},"image":{"@id":"https:\/\/www.acrilux.com\/en\/#\/schema\/logo\/image\/"}}]}},"_links":{"self":[{"href":"https:\/\/www.acrilux.com\/en\/wp-json\/wp\/v2\/product\/3120","targetHints":{"allow":["GET"]}}],"collection":[{"href":"https:\/\/www.acrilux.com\/en\/wp-json\/wp\/v2\/product"}],"about":[{"href":"https:\/\/www.acrilux.com\/en\/wp-json\/wp\/v2\/types\/product"}],"replies":[{"embeddable":true,"href":"https:\/\/www.acrilux.com\/en\/wp-json\/wp\/v2\/comments?post=3120"}],"wp:featuredmedia":[{"embeddable":true,"href":"https:\/\/www.acrilux.com\/en\/wp-json\/wp\/v2\/media\/4012"}],"wp:attachment":[{"href":"https:\/\/www.acrilux.com\/en\/wp-json\/wp\/v2\/media?parent=3120"}],"wp:term":[{"taxonomy":"product_brand","embeddable":true,"href":"https:\/\/www.acrilux.com\/en\/wp-json\/wp\/v2\/product_brand?post=3120"},{"taxonomy":"product_cat","embeddable":true,"href":"https:\/\/www.acrilux.com\/en\/wp-json\/wp\/v2\/product_cat?post=3120"},{"taxonomy":"product_tag","embeddable":true,"href":"https:\/\/www.acrilux.com\/en\/wp-json\/wp\/v2\/product_tag?post=3120"}],"curies":[{"name":"wp","href":"https:\/\/api.w.org\/{rel}","templated":true}]}}